{"id":9,"date":"2010-05-20T20:40:07","date_gmt":"2010-05-20T18:40:07","guid":{"rendered":"http:\/\/aksluzby.cz\/?page_id=9"},"modified":"2012-02-21T16:24:33","modified_gmt":"2012-02-21T15:24:33","slug":"specializace","status":"publish","type":"page","link":"https:\/\/aksluzby.cz\/?page_id=9","title":{"rendered":"Specializace"},"content":{"rendered":"<p><strong>Poskytujeme komplexn\u00ed pr\u00e1vn\u00ed servis zejm\u00e9na v t\u011bchto oblastech:<\/strong><\/p>\n<p style=\"text-align: justify;\"><strong>Korpor\u00e1tn\u00ed\u00a0pr\u00e1vo<\/strong><br \/>\nZakl\u00e1d\u00e1n\u00ed obchodn\u00edch spole\u010dnost\u00ed, zaji\u0161t\u011bn\u00ed\u00a0klientem po\u017eadovan\u00fdch \u017eivnostensk\u00fdch\u00a0opr\u00e1vn\u011bn\u00ed, registrace u p\u0159\u00edslu\u0161n\u00e9ho finan\u010dn\u00edho \u00fa\u0159adu, zastupov\u00e1n\u00ed v rejst\u0159\u00edkov\u00e9m \u0159\u00edzen\u00ed. Fungov\u00e1n\u00ed a spr\u00e1va spole\u010dnost\u00ed &#8211; po\u0159\u00e1d\u00e1n\u00ed a zastupov\u00e1n\u00ed klient\u016f na valn\u00fdch hromad\u00e1ch v\u010detn\u011b zaji\u0161t\u011bn\u00ed \u00fa\u010dasti not\u00e1\u0159e v z\u00e1konem po\u017eadovan\u00fdch p\u0159\u00edpadech, prov\u00e1d\u011bn\u00ed due diligence.\u00a0\u00a0P\u0159\u00edprava a zaji\u0161t\u011bn\u00ed p\u0159evodu pod\u00edl\u016f (akci\u00ed) ve spole\u010dnostech,\u00a0f\u00faze a akvizice, zm\u011bny ve spole\u010dnostech a jejich registrace.<\/p>\n<p style=\"text-align: justify;\"><strong>Smluvn\u00ed agenda<br \/>\n<\/strong>P\u0159\u00edprava v\u0161ech typ\u016f smluvn\u00ed dokumentace a pod\u00e1v\u00e1n\u00ed odborn\u00fdch posouzen\u00ed k n\u00e1vrh\u016fm smluv v cel\u00e9m rozsahu soukrom\u00e9ho pr\u00e1va. Pro klienty podnikatele zpracov\u00e1v\u00e1me tak\u00e9 \u00a0jejich v\u0161eobecn\u00e9 smluvn\u00ed podm\u00ednky se z\u00e1kazn\u00edky.<\/p>\n<p style=\"text-align: justify;\"><strong>Nemovitosti<\/strong><br \/>\nPoradenstv\u00ed developer\u016fm, p\u0159evody nemovitost\u00ed, investice v nemovitostech, n\u00e1jemn\u00ed a podn\u00e1jemn\u00ed smlouvy, z\u00e1stava nemovitost\u00ed, z\u0159izov\u00e1n\u00ed v\u011bcn\u00fdch b\u0159emen, stavebn\u00ed pr\u00e1vo, pron\u00e1jmy byt\u016f a nebytov\u00fdch prostor. P\u0159i prodej\u00edch nemovitost\u00ed V\u00e1m\u00a0nab\u00edz\u00edme slu\u017ebu advok\u00e1tn\u00ed \u00faschovy pro bezpe\u010dn\u00e9 vypo\u0159\u00e1d\u00e1n\u00ed kupn\u00ed ceny.<\/p>\n<p style=\"text-align: justify;\"><strong>Pr\u00e1vo du\u0161evn\u00edho \u00a0vlastnictv\u00ed<\/strong><br \/>\nochrana du\u0161evn\u00edho vlastnictv\u00ed,\u00a0 registrace nehmotn\u00fdch statk\u016f (ochrann\u00fdch zn\u00e1mek apod.)\u00a0u \u00da\u0159adu pr\u016fmyslov\u00e9ho vlastnictv\u00ed, WIPO a OHIM, p\u0159evod a ochrana internetov\u00fdch dom\u00e9n.<\/p>\n<p style=\"text-align: justify;\"><strong>Pracovn\u00ed pr\u00e1vo<\/strong><br \/>\npracovn\u00ed smlouvy a dohody o prac\u00edch konan\u00fdch mimo pracovn\u00ed pom\u011br, intern\u00ed pracovn\u011b pr\u00e1vn\u00ed dokumenty, ukon\u010dov\u00e1n\u00ed pracovn\u00edho pom\u011bru, \u0159e\u0161en\u00ed pracovn\u011bpr\u00e1vn\u00edch spor\u016f. Pr\u00e1vn\u00ed servis nab\u00edz\u00edme jak zam\u011bstnavatel\u016fm, tak zam\u011bstnanc\u016fm.<\/p>\n<p style=\"text-align: justify;\"><strong>Sporov\u00e1 agenda<\/strong><br \/>\nPoskytujeme pr\u00e1vn\u00ed zastupov\u00e1n\u00ed v obchodn\u011b a civiln\u011bpr\u00e1vn\u00edch sporech. Pro\u00a0klienty zaji\u0161\u0165ujeme pr\u00e1vn\u00ed zastupov\u00e1n\u00ed p\u0159i vym\u00e1h\u00e1n\u00ed pohled\u00e1vek.<\/p>\n<p style=\"text-align: justify;\"><strong>\u00dapadkov\u00e9 pr\u00e1vo<\/strong><br \/>\nZastupov\u00e1n\u00ed klient\u016f v insolven\u010dn\u00edm \u0159\u00edzen\u00ed a komplexn\u00ed poradenstv\u00ed p\u0159i jedn\u00e1n\u00ed s dlu\u017en\u00edky.<\/p>\n<p style=\"text-align: justify;\"><strong>Rodinn\u00e9 pr\u00e1vo<br \/>\n<\/strong>Nab\u00edz\u00edme pr\u00e1vn\u00ed pomoc p\u0159i roz\u0161\u00ed\u0159en\u00ed \u010di z\u00fa\u017een\u00ed spole\u010dn\u00e9ho jm\u011bn\u00ed man\u017eel\u016f, zastupov\u00e1n\u00ed v\u00a0rozvodov\u00e9m \u0159\u00edzen\u00ed, dohody o rozd\u011blen\u00ed majetku.<strong><\/strong><\/p>\n","protected":false},"excerpt":{"rendered":"<p>Poskytujeme komplexn\u00ed pr\u00e1vn\u00ed servis zejm\u00e9na v t\u011bchto oblastech: Korpor\u00e1tn\u00ed\u00a0pr\u00e1vo Zakl\u00e1d\u00e1n\u00ed obchodn\u00edch spole\u010dnost\u00ed, zaji\u0161t\u011bn\u00ed\u00a0klientem po\u017eadovan\u00fdch \u017eivnostensk\u00fdch\u00a0opr\u00e1vn\u011bn\u00ed, registrace u p\u0159\u00edslu\u0161n\u00e9ho finan\u010dn\u00edho \u00fa\u0159adu, zastupov\u00e1n\u00ed v rejst\u0159\u00edkov\u00e9m \u0159\u00edzen\u00ed. Fungov\u00e1n\u00ed a spr\u00e1va spole\u010dnost\u00ed &#8211; po\u0159\u00e1d\u00e1n\u00ed a zastupov\u00e1n\u00ed klient\u016f na valn\u00fdch hromad\u00e1ch v\u010detn\u011b zaji\u0161t\u011bn\u00ed \u00fa\u010dasti not\u00e1\u0159e v z\u00e1konem po\u017eadovan\u00fdch p\u0159\u00edpadech, prov\u00e1d\u011bn\u00ed due diligence.\u00a0\u00a0P\u0159\u00edprava a zaji\u0161t\u011bn\u00ed p\u0159evodu pod\u00edl\u016f (akci\u00ed) ve spole\u010dnostech,\u00a0f\u00faze a [&hellip;]<\/p>\n","protected":false},"author":2,"featured_media":0,"parent":0,"menu_order":0,"comment_status":"closed","ping_status":"closed","template":"","meta":{"footnotes":""},"class_list":["post-9","page","type-page","status-publish","hentry"],"_links":{"self":[{"href":"https:\/\/aksluzby.cz\/index.php?rest_route=\/wp\/v2\/pages\/9","targetHints":{"allow":["GET"]}}],"collection":[{"href":"https:\/\/aksluzby.cz\/index.php?rest_route=\/wp\/v2\/pages"}],"about":[{"href":"https:\/\/aksluzby.cz\/index.php?rest_route=\/wp\/v2\/types\/page"}],"author":[{"embeddable":true,"href":"https:\/\/aksluzby.cz\/index.php?rest_route=\/wp\/v2\/users\/2"}],"replies":[{"embeddable":true,"href":"https:\/\/aksluzby.cz\/index.php?rest_route=%2Fwp%2Fv2%2Fcomments&post=9"}],"version-history":[{"count":23,"href":"https:\/\/aksluzby.cz\/index.php?rest_route=\/wp\/v2\/pages\/9\/revisions"}],"predecessor-version":[{"id":144,"href":"https:\/\/aksluzby.cz\/index.php?rest_route=\/wp\/v2\/pages\/9\/revisions\/144"}],"wp:attachment":[{"href":"https:\/\/aksluzby.cz\/index.php?rest_route=%2Fwp%2Fv2%2Fmedia&parent=9"}],"curies":[{"name":"wp","href":"https:\/\/api.w.org\/{rel}","templated":true}]}}