{"id":2,"date":"2010-05-20T09:16:54","date_gmt":"2010-05-20T09:16:54","guid":{"rendered":"http:\/\/aksluzby.cz\/?page_id=2"},"modified":"2010-06-22T22:13:55","modified_gmt":"2010-06-22T20:13:55","slug":"neco-o-me","status":"publish","type":"page","link":"https:\/\/aksluzby.cz\/?page_id=2","title":{"rendered":"O kancel\u00e1\u0159i"},"content":{"rendered":"<p>Advok\u00e1tn\u00ed kancel\u00e1\u0159 Petry Proke\u0161ov\u00e9 se s\u00eddlem v centru Prahy\u00a0poskytuje komplexn\u00ed nab\u00eddku pr\u00e1vn\u00edch slu\u017eeb. P\u0159esto\u017ee v\u011bt\u0161inu agendy kancel\u00e1\u0159e tvo\u0159\u00ed problematika v souvislosti s\u00a0podnik\u00e1n\u00edm, kancel\u00e1\u0159 poskytuje pr\u00e1vn\u00ed slu\u017eby tak\u00e9 fyzick\u00fdm osob\u00e1m nepodnikatel\u016fm, zejm\u00e9na v\u00a0oblasti ob\u010dansk\u00e9ho a pracovn\u00edho pr\u00e1va.\u00a0\u00a0D\u016fraz je samoz\u0159ejm\u011b kladen na optimalizaci n\u00e1klad\u016f spojen\u00fdch s\u00a0poskytovanou slu\u017ebou.<\/p>\n<p>Petra Proke\u0161ov\u00e1 p\u016fsob\u00ed\u00a0v advokacii od roku 2003,\u00a0kdy nastoupila nejprve\u00a0na\u00a0pozici\u00a0advok\u00e1tn\u00edho koncipienta. P\u0159ed zapo\u010det\u00edm vlastn\u00ed advok\u00e1tn\u00ed praxe pak\u00a0p\u016fsobila n\u011bkolik let jako\u00a0p\u0159idru\u017een\u00fd advok\u00e1t renomovan\u00e9 advok\u00e1tn\u00ed kancel\u00e1\u0159e. Od roku 2007 je \u010dlenkou \u010cesk\u00e9 advok\u00e1tn\u00ed komory.<\/p>\n<p>Pr\u00e1vn\u00ed slu\u017eby advok\u00e1tn\u00ed kancel\u00e1\u0159e jsou\u00a0\u00a0poskytov\u00e1ny v \u00fazk\u00e9 sou\u010dinnosti s odborn\u00edky v dal\u0161\u00edch\u00a0poradensk\u00fdch odv\u011btv\u00edch tak, aby z\u00e1jmy klienta byly zaji\u0161t\u011bny komplexn\u011b.\u00a0Pro v\u011bt\u0161\u00ed pru\u017enost a flexibilitu pr\u00e1vn\u00edch slu\u017eeb mohou klienti p\u0159i podepisov\u00e1n\u00ed dokument\u016f vyu\u017e\u00edt slu\u017ebu ov\u011b\u0159ov\u00e1n\u00ed pravosti jejich podpisu advok\u00e1tem.<\/p>\n<p>\u00a0Pr\u00e1vn\u00ed\u00a0slu\u017eby poskytujeme v\u00a0\u010desk\u00e9m a anglick\u00e9m jazyce.<\/p>\n","protected":false},"excerpt":{"rendered":"<p>Advok\u00e1tn\u00ed kancel\u00e1\u0159 Petry Proke\u0161ov\u00e9 se s\u00eddlem v centru Prahy\u00a0poskytuje komplexn\u00ed nab\u00eddku pr\u00e1vn\u00edch slu\u017eeb. P\u0159esto\u017ee v\u011bt\u0161inu agendy kancel\u00e1\u0159e tvo\u0159\u00ed problematika v souvislosti s\u00a0podnik\u00e1n\u00edm, kancel\u00e1\u0159 poskytuje pr\u00e1vn\u00ed slu\u017eby tak\u00e9 fyzick\u00fdm osob\u00e1m nepodnikatel\u016fm, zejm\u00e9na v\u00a0oblasti ob\u010dansk\u00e9ho a pracovn\u00edho pr\u00e1va.\u00a0\u00a0D\u016fraz je samoz\u0159ejm\u011b kladen na optimalizaci n\u00e1klad\u016f spojen\u00fdch s\u00a0poskytovanou slu\u017ebou. Petra Proke\u0161ov\u00e1 p\u016fsob\u00ed\u00a0v advokacii od roku 2003,\u00a0kdy nastoupila nejprve\u00a0na\u00a0pozici\u00a0advok\u00e1tn\u00edho koncipienta. [&hellip;]<\/p>\n","protected":false},"author":1,"featured_media":0,"parent":0,"menu_order":0,"comment_status":"closed","ping_status":"closed","template":"","meta":{"footnotes":""},"class_list":["post-2","page","type-page","status-publish","hentry"],"_links":{"self":[{"href":"https:\/\/aksluzby.cz\/index.php?rest_route=\/wp\/v2\/pages\/2","targetHints":{"allow":["GET"]}}],"collection":[{"href":"https:\/\/aksluzby.cz\/index.php?rest_route=\/wp\/v2\/pages"}],"about":[{"href":"https:\/\/aksluzby.cz\/index.php?rest_route=\/wp\/v2\/types\/page"}],"author":[{"embeddable":true,"href":"https:\/\/aksluzby.cz\/index.php?rest_route=\/wp\/v2\/users\/1"}],"replies":[{"embeddable":true,"href":"https:\/\/aksluzby.cz\/index.php?rest_route=%2Fwp%2Fv2%2Fcomments&post=2"}],"version-history":[{"count":29,"href":"https:\/\/aksluzby.cz\/index.php?rest_route=\/wp\/v2\/pages\/2\/revisions"}],"predecessor-version":[{"id":17,"href":"https:\/\/aksluzby.cz\/index.php?rest_route=\/wp\/v2\/pages\/2\/revisions\/17"}],"wp:attachment":[{"href":"https:\/\/aksluzby.cz\/index.php?rest_route=%2Fwp%2Fv2%2Fmedia&parent=2"}],"curies":[{"name":"wp","href":"https:\/\/api.w.org\/{rel}","templated":true}]}}