{"id":133,"date":"2010-07-09T13:47:51","date_gmt":"2010-07-09T11:47:51","guid":{"rendered":"http:\/\/aksluzby.cz\/?page_id=133"},"modified":"2012-02-21T16:26:30","modified_gmt":"2012-02-21T15:26:30","slug":"pravni-poradna","status":"publish","type":"page","link":"https:\/\/aksluzby.cz\/?page_id=133","title":{"rendered":"Pr\u00e1vn\u00ed poradna"},"content":{"rendered":"<p><em><strong>Hled\u00e1te-li pr\u00e1vn\u00ed poradu, nev\u00e1hejte se na n\u00e1s obr\u00e1tit.                                                                                           Po zasl\u00e1n\u00ed popisu Va\u0161eho pr\u00e1vn\u00edho probl\u00e9mu obdr\u017e\u00edte z\u00e1kladn\u00ed informace k uveden\u00e9 problematice spolu s orienta\u010dn\u00ed cenovou kalkulac\u00ed poskytnut\u00ed pr\u00e1vn\u00ed slu\u017eby v p\u0159edm\u011btn\u00e9 v\u011bci.<\/strong><\/em><\/p>\n<p>Vyb\u00edr\u00e1me n\u011bkter\u00e9 z dotaz\u016f na\u0161ich klient\u016f:<\/p>\n<p><strong>Pan\u00ed doktorko, r\u00e1d bych se V\u00e1s zeptal, zda je mo\u017en\u00e9, aby u n\u00e1s cizinec zalo\u017eil spole\u010dnost a co k tomu pot\u0159ebuje?<\/strong><\/p>\n<p>Zakl\u00e1d\u00e1n\u00ed obchodn\u00edch spole\u010dnost\u00ed na \u00fazem\u00ed \u010cesk\u00e9 republiky samoz\u0159ejm\u011b obchodn\u00ed z\u00e1kon\u00edk umo\u017e\u0148uje i cizinc\u016fm a ciz\u00edm pr\u00e1vnick\u00fdm osob\u00e1m. Pokud se bude jednat o pr\u00e1vnickou osobou zakladatele, bude nutn\u00e9 p\u0159edlo\u017eit zejm\u00e9na v\u00fdpis z obchodn\u00edho rejst\u0159\u00edku ze zem\u011b s\u00eddla, kter\u00fd prokazuje existenci spole\u010dnosti. Pokud bude jednatelem nov\u00e9 spole\u010dnosti  cizinec, bude t\u0159eba tak\u00e9 zajistit v\u00fdpis z rejst\u0159\u00edku trest\u016f ze zem\u011b, jej\u00edm\u017e je ob\u010danem. Ostatn\u00ed \u00fakony je mo\u017eno u\u010dinit na podklad\u011b pln\u00e9 moci.<\/p>\n<p><strong>N\u00e1\u0161 zam\u011bstnanec  ji\u017e p\u011bt t\u00fddn\u016f nep\u0159i\u0161el bez omluvy do pr\u00e1ce. Pokou\u0161eli jsem se ho kontaktovat telefonicky, ale telefon nezved\u00e1. Je mo\u017en\u00e9 s n\u00edm ukon\u010dit pracovn\u00ed pom\u011br?<\/strong><\/p>\n<p>V p\u0159\u00edpad\u011b dlouhodob\u00e9ho neomluven\u00e9ho zame\u0161k\u00e1n\u00ed pr\u00e1ce zam\u011bstnancem je mo\u017en\u00e9 s n\u00edm okam\u017eit\u011b zru\u0161it pracovn\u00ed pom\u011br ve smyslu ust. \u00a7 55 z\u00e1kon\u00edku pr\u00e1ce, nebo\u0165 poru\u0161il povinnost vypl\u00fdvaj\u00edc\u00ed z pr\u00e1vn\u00edch p\u0159edpis\u016f vztahuj\u00edc\u00edch se k j\u00edm vykon\u00e1van\u00e9 pr\u00e1ce zvl\u00e1\u0161\u0165 hrub\u00fdm zp\u016fsobem. Doporu\u010dujeme v\u011bnovat pozornost doru\u010dov\u00e1n\u00ed tohoto dokumentu zam\u011bstnanci.<\/p>\n<p><strong>Jak m\u00e1m d\u00e1le postupovat, kdy\u017e mi bude expirovat ochrann\u00e1 zn\u00e1mka? Budu platit n\u011bjak\u00e9 poplatky?<\/strong><\/p>\n<p>Pokud se jedn\u00e1  o n\u00e1rodn\u00ed ochrannou zn\u00e1mku, plat\u00ed jej\u00ed ochrana deset let ode dne pod\u00e1n\u00ed p\u0159ihl\u00e1\u0161ky. Z\u00e1pis ochrann\u00e9 zn\u00e1mky se na \u017e\u00e1dost vlastn\u00edka ochrann\u00e9 zn\u00e1mky obnov\u00ed v\u017edy na dal\u0161\u00edch 10 let. Za p\u0159ijet\u00ed \u017e\u00e1dosti o obnovu ochrann\u00e9 zn\u00e1mky se hrad\u00ed spr\u00e1vn\u00ed poplatek kter\u00fd \u010din\u00ed aktu\u00e1ln\u011b 2 500,- K\u010d za individu\u00e1ln\u00ed ochrannou zn\u00e1mku. V p\u0159\u00edpad\u011b obnovy mezin\u00e1rodn\u00ed zn\u00e1mky je mo\u017eno za\u017e\u00e1dat o obnovu p\u0159\u00edmo u World Intellectual Property Organization, zde se tak\u00e9 hrad\u00ed spr\u00e1vn\u00ed poplatek, p\u0159i\u010dem\u017e ten z\u00e1kladn\u00ed \u010din\u00ed 653,- CHF. <\/p>\n<p><strong>M\u011bli jsem v byt\u011b n\u00e1jemce, kter\u00fd n\u00e1m ji\u017e p\u0159ed p\u016fl rokem p\u0159estal platit n\u00e1jemn\u00e9. St\u00e1le sliboval, \u017ee v\u0161e doplat\u00ed, ale nestalo se tak. Te\u010f jsem zjistil, \u017ee se ji\u017e z bytu odst\u011bhoval. M\u016f\u017eu po n\u011bm po\u017eadovat nezaplacen\u00e9 n\u00e1jemn\u00e9? Budu k tomu pot\u0159ebovat pr\u00e1vn\u00edka?<\/strong><\/p>\n<p>Samoz\u0159ejm\u011b tuto neuhrazenou pohled\u00e1vku m\u016f\u017eete po b\u00fdval\u00e9m n\u00e1jemci  soudn\u011b vym\u00e1hat. Soudu bude t\u0159eba v \u0159\u00edzen\u00ed p\u0159edlo\u017eit uzav\u0159enou n\u00e1jemn\u00ed smlouvu. Pokud by se n\u00e1jemn\u00ed smlouva uk\u00e1zala v pr\u016fb\u011bhu \u0159\u00edzen\u00ed neplatnou, je mo\u017en\u00e9 po\u017eadovat bezd\u016fvodn\u00ed obohacen\u00ed za u\u017e\u00edv\u00e1n\u00ed bytu bez pr\u00e1vn\u00edho titulu. Pr\u00e1vn\u00ed zastoupen\u00ed V\u00e1m v tomto p\u0159\u00edpad\u011b v\u0159ele doporu\u010duji. <\/p>\n","protected":false},"excerpt":{"rendered":"<p>Hled\u00e1te-li pr\u00e1vn\u00ed poradu, nev\u00e1hejte se na n\u00e1s obr\u00e1tit. Po zasl\u00e1n\u00ed popisu Va\u0161eho pr\u00e1vn\u00edho probl\u00e9mu obdr\u017e\u00edte z\u00e1kladn\u00ed informace k uveden\u00e9 problematice spolu s orienta\u010dn\u00ed cenovou kalkulac\u00ed poskytnut\u00ed pr\u00e1vn\u00ed slu\u017eby v p\u0159edm\u011btn\u00e9 v\u011bci. Vyb\u00edr\u00e1me n\u011bkter\u00e9 z dotaz\u016f na\u0161ich klient\u016f: Pan\u00ed doktorko, r\u00e1d bych se V\u00e1s zeptal, zda je mo\u017en\u00e9, aby u n\u00e1s cizinec zalo\u017eil spole\u010dnost a co [&hellip;]<\/p>\n","protected":false},"author":2,"featured_media":0,"parent":0,"menu_order":0,"comment_status":"open","ping_status":"open","template":"","meta":{"footnotes":""},"class_list":["post-133","page","type-page","status-publish","hentry"],"_links":{"self":[{"href":"https:\/\/aksluzby.cz\/index.php?rest_route=\/wp\/v2\/pages\/133","targetHints":{"allow":["GET"]}}],"collection":[{"href":"https:\/\/aksluzby.cz\/index.php?rest_route=\/wp\/v2\/pages"}],"about":[{"href":"https:\/\/aksluzby.cz\/index.php?rest_route=\/wp\/v2\/types\/page"}],"author":[{"embeddable":true,"href":"https:\/\/aksluzby.cz\/index.php?rest_route=\/wp\/v2\/users\/2"}],"replies":[{"embeddable":true,"href":"https:\/\/aksluzby.cz\/index.php?rest_route=%2Fwp%2Fv2%2Fcomments&post=133"}],"version-history":[{"count":10,"href":"https:\/\/aksluzby.cz\/index.php?rest_route=\/wp\/v2\/pages\/133\/revisions"}],"predecessor-version":[{"id":145,"href":"https:\/\/aksluzby.cz\/index.php?rest_route=\/wp\/v2\/pages\/133\/revisions\/145"}],"wp:attachment":[{"href":"https:\/\/aksluzby.cz\/index.php?rest_route=%2Fwp%2Fv2%2Fmedia&parent=133"}],"curies":[{"name":"wp","href":"https:\/\/api.w.org\/{rel}","templated":true}]}}